{"id":922,"date":"2016-11-12T06:45:26","date_gmt":"2016-11-12T06:45:26","guid":{"rendered":"https:\/\/www.collvilaro.com\/ca\/?page_id=922"},"modified":"2017-09-21T14:26:59","modified_gmt":"2017-09-21T14:26:59","slug":"sobre-nosaltres","status":"publish","type":"page","link":"https:\/\/www.collvilaro.com\/ca\/sobre-nosaltres\/","title":{"rendered":"Sobre nosaltres"},"content":{"rendered":"<div class=\"wpb-content-wrapper\"><p>[vc_row type=&#8221;container&#8221; css=&#8221;.vc_custom_1478537581630{padding-top: 50px !important;}&#8221;][vc_column width=&#8221;1\/3&#8243;][vc_column_text el_class=&#8221;coll-founder&#8221;]<img loading=\"lazy\" decoding=\"async\" width=\"408\" height=\"545\" class=\"aligncenter size-full wp-image-1142\" src=\"https:\/\/www.collvilaro.com\/wp-content\/uploads\/2016\/10\/pare3-copia.original.jpeg\" alt=\"pare3-copia-original\" srcset=\"https:\/\/www.collvilaro.com\/wp-content\/uploads\/2016\/10\/pare3-copia.original.jpeg 408w, https:\/\/www.collvilaro.com\/wp-content\/uploads\/2016\/10\/pare3-copia.original-225x300.jpeg 225w\" sizes=\"auto, (max-width: 408px) 100vw, 408px\" \/>[\/vc_column_text][\/vc_column][vc_column width=&#8221;2\/3&#8243;][vc_column_text]<\/p>\n<h3 style=\"margin: 0 0 10px 0;\">Sobre nosaltres<\/h3>\n<p>La nostra hist\u00f2ria va comen\u00e7ar quan Antoni Coll Vilar\u00f3, va deixar de treballar per l&#8217;empresa Cabyrsa (antiga empresa de rodaments) l&#8217;any 1940. Es va establir amb dos socis i va estar amb ells 2 anys; passat aquest temps, se&#8217;n adona que el sistema de treball no era el seu i decideix amb l&#8217;ajut del seu germ\u00e0 Joan (que li portar la part financera), l&#8217;any 42, muntar la seva pr\u00f2pia empresa de rodaments al carrer Proven\u00e7a, 424 de Barcelona.[\/vc_column_text][\/vc_column][\/vc_row][vc_row type=&#8221;container&#8221;][vc_column][vc_column_text]Eren temps de postguerra, el material escassejava, per altre banda era el moment ideal per gent emprenedora com ell. Com tenia el suficient coneixement de mec\u00e0nica, podia oferir la millor soluci\u00f3 als seus clients, treballant dur, incl\u00f2s els caps de setmana.<\/p>\n<p>Casat, va tenir cinc fills en el seu matrimoni, els quals va anar introduint en l&#8217;empresa: Joan, Teresa, \u00c0ngels, Francesc i M\u00f2nica.En els seus m\u00e9s de 40 anys en el mercat del rodament, va ser pioner en importaci\u00f3 de rodament miniatura; va invertir en ells, arribant a tenir un important estoc.<\/p>\n<p>Als 70 anys, en l&#8217;any 1986 pocs mesos abans de morir (el 18 de maig), el nostre pare ens va donar la seva empresa i es va constituir una Societat An\u00f2nima, passant a denominar-se com actualment: COLL VILAR\u00d3, S.A.<\/p>\n<p>La crisi, l&#8217;inform\u00e0tica, el canvi de segle, l&#8217;11 de setembre, l&#8217;euro, l&#8217;11 de mar\u00e7, l&#8217;inici de la crisi en el 2008 y despr\u00e8s de 9 anys de dura crisi, les seq\u00fceles socials y econ\u00f2miques que tardarem anys en reparar.<\/p>\n<p>De moment som deu persones treballant aqu\u00ed, continuant la feina del nostre pare. Ens sentim orgullosos pels nostres avan\u00e7os, hem aconseguit distribucions en exclusiva, i comptem amb marques importants que ens donen suport, per donar als nostres clients el millor dels productes i servei.<\/p>\n<p>La nostra hist\u00f2ria continua&#8230;<\/p>\n<p>&#8230;En l&#8217;any 2015, hem ampliat la nostra plantilla, amb una nova generaci\u00f3, els nostres fills Xavier, David i Maria han comen\u00e7at, assegurant aix\u00ed la continuitat al negoci familiar.[\/vc_column_text][\/vc_column][\/vc_row][vc_row type=&#8221;container&#8221;][vc_column width=&#8221;1\/2&#8243;][vc_column_text]<img loading=\"lazy\" decoding=\"async\" width=\"500\" height=\"332\" class=\"aligncenter size-full wp-image-1151\" src=\"https:\/\/www.collvilaro.com\/wp-content\/uploads\/2016\/10\/front-desk.jpeg\" alt=\"front-desk\" srcset=\"https:\/\/www.collvilaro.com\/wp-content\/uploads\/2016\/10\/front-desk.jpeg 500w, https:\/\/www.collvilaro.com\/wp-content\/uploads\/2016\/10\/front-desk-300x199.jpeg 300w\" sizes=\"auto, (max-width: 500px) 100vw, 500px\" \/>[\/vc_column_text][vc_column_text]<\/p>\n<p class=\"coll-photo-sub\">La nostra tenda<\/p>\n<p>[\/vc_column_text][\/vc_column][vc_column width=&#8221;1\/2&#8243;][vc_column_text]<img loading=\"lazy\" decoding=\"async\" width=\"500\" height=\"332\" class=\"aligncenter size-full wp-image-1150\" src=\"https:\/\/www.collvilaro.com\/wp-content\/uploads\/2016\/10\/warehouse.jpeg\" alt=\"warehouse\" srcset=\"https:\/\/www.collvilaro.com\/wp-content\/uploads\/2016\/10\/warehouse.jpeg 500w, https:\/\/www.collvilaro.com\/wp-content\/uploads\/2016\/10\/warehouse-300x199.jpeg 300w\" sizes=\"auto, (max-width: 500px) 100vw, 500px\" \/>[\/vc_column_text][vc_column_text]<\/p>\n<p class=\"coll-photo-sub\">El nostre magatzem<\/p>\n<p>[\/vc_column_text][\/vc_column][\/vc_row]<\/p>\n<\/div>","protected":false},"excerpt":{"rendered":"<p>[vc_row type=&#8221;container&#8221; css=&#8221;.vc_custom_1478537581630{padding-top: 50px !important;}&#8221;][vc_column width=&#8221;1\/3&#8243;][vc_column_text el_class=&#8221;coll-founder&#8221;][\/vc_column_text][\/vc_column][vc_column width=&#8221;2\/3&#8243;][vc_column_text] Sobre nosaltres La nostra hist\u00f2ria va comen\u00e7ar quan Antoni Coll Vilar\u00f3, va deixar de treballar per l&#8217;empresa Cabyrsa (antiga empresa de rodaments) l&#8217;any 1940. Es va establir amb dos socis i va estar amb ells 2 anys; passat aquest temps, se&#8217;n adona que el sistema de treball [&hellip;]<\/p>\n","protected":false},"author":1,"featured_media":0,"parent":0,"menu_order":0,"comment_status":"closed","ping_status":"closed","template":"","meta":{"_acf_changed":false,"footnotes":""},"class_list":["post-922","page","type-page","status-publish","hentry"],"acf":[],"_links":{"self":[{"href":"https:\/\/www.collvilaro.com\/ca\/wp-json\/wp\/v2\/pages\/922","targetHints":{"allow":["GET"]}}],"collection":[{"href":"https:\/\/www.collvilaro.com\/ca\/wp-json\/wp\/v2\/pages"}],"about":[{"href":"https:\/\/www.collvilaro.com\/ca\/wp-json\/wp\/v2\/types\/page"}],"author":[{"embeddable":true,"href":"https:\/\/www.collvilaro.com\/ca\/wp-json\/wp\/v2\/users\/1"}],"replies":[{"embeddable":true,"href":"https:\/\/www.collvilaro.com\/ca\/wp-json\/wp\/v2\/comments?post=922"}],"version-history":[{"count":0,"href":"https:\/\/www.collvilaro.com\/ca\/wp-json\/wp\/v2\/pages\/922\/revisions"}],"wp:attachment":[{"href":"https:\/\/www.collvilaro.com\/ca\/wp-json\/wp\/v2\/media?parent=922"}],"curies":[{"name":"wp","href":"https:\/\/api.w.org\/{rel}","templated":true}]}}