{"id":916,"date":"2016-11-12T06:43:18","date_gmt":"2016-11-12T06:43:18","guid":{"rendered":"https:\/\/www.collvilaro.com\/ca\/?page_id=916"},"modified":"2024-10-11T16:00:51","modified_gmt":"2024-10-11T14:00:51","slug":"logistica","status":"publish","type":"page","link":"https:\/\/www.collvilaro.com\/ca\/logistica\/","title":{"rendered":"Log\u00edstica"},"content":{"rendered":"<div class=\"wpb-content-wrapper\"><p>[vc_row type=&#8221;container&#8221; css=&#8221;.vc_custom_1478537573437{margin-bottom: 25px !important;padding-top: 50px !important;}&#8221;][vc_column][vc_column_text]A Coll Vilar\u00f3 S.A. comptem amb un ampli ventall de possibilitats a l&#8217;hora de realitzar lliuraments a domicili, ja sigui a Barcelona, Espanya o la resta del m\u00f3n, amb possibilitat de repartiment de car\u00e0cter urgent.[\/vc_column_text][vc_column_text css=&#8221;.vc_custom_1478425146539{margin-bottom: 0px !important;}&#8221; el_class=&#8221;coll-title&#8221;]<\/p>\n<h3>Barcelona<\/h3>\n<p>[\/vc_column_text][\/vc_column][\/vc_row][vc_row type=&#8221;container&#8221; css=&#8221;.vc_custom_1478429292961{margin-bottom: 25px !important;}&#8221;][vc_column width=&#8221;1\/2&#8243;][vc_single_image image=&#8221;679&#8243; img_size=&#8221;full&#8221; css_animation=&#8221;top-to-bottom&#8221; css=&#8221;.vc_custom_1478429113995{margin-bottom: 0px !important;}&#8221; el_class=&#8221;coll-logistica&#8221;][vc_column_text]<strong>Repartidor en plantilla<\/strong>: Per lliuraments a Barcelona ciutat i rodalies, comptem amb un repartidor que realitza lliuraments de car\u00e0cter urgent.[\/vc_column_text][\/vc_column][vc_column width=&#8221;1\/2&#8243;][vc_single_image image=&#8221;4777&#8243; img_size=&#8221;full&#8221; onclick=&#8221;custom_link&#8221; css_animation=&#8221;top-to-bottom&#8221; css=&#8221;.vc_custom_1728655074124{margin-bottom: 0px !important;}&#8221; el_class=&#8221;coll-logistica&#8221; link=&#8221;http:\/\/es.asmred.com\/inicio\/&#8221;][vc_column_text css=&#8221;&#8221;]<strong>GLS 19h &#8211; 24h<\/strong> \u00e9s un servei per als clients que busquen una soluci\u00f3 r\u00e0pida i segura amb els seus enviaments. Actualment \u00e9s la segona xarxa espanyola de transport i missatgeria urgent.[\/vc_column_text][\/vc_column][\/vc_row][vc_row type=&#8221;container&#8221; css=&#8221;.vc_custom_1477210521940{margin-bottom: 25px !important;}&#8221;][vc_column][vc_column_text css=&#8221;.vc_custom_1479033151134{margin-bottom: 0px !important;}&#8221; el_class=&#8221;coll-title&#8221;]<\/p>\n<h3>Espanya<\/h3>\n<p>[\/vc_column_text][\/vc_column][\/vc_row][vc_row type=&#8221;container&#8221; css=&#8221;.vc_custom_1478429284939{margin-bottom: 25px !important;}&#8221;][vc_column width=&#8221;1\/2&#8243;][vc_single_image image=&#8221;4777&#8243; img_size=&#8221;full&#8221; onclick=&#8221;custom_link&#8221; css_animation=&#8221;top-to-bottom&#8221; css=&#8221;.vc_custom_1728655101276{margin-bottom: 0px !important;}&#8221; el_class=&#8221;coll-logistica&#8221; link=&#8221;http:\/\/www.seur.com\/&#8221;][\/vc_column][vc_column width=&#8221;1\/2&#8243;][vc_single_image image=&#8221;681&#8243; img_size=&#8221;full&#8221; onclick=&#8221;custom_link&#8221; css_animation=&#8221;top-to-bottom&#8221; css=&#8221;.vc_custom_1478441512869{margin-bottom: 0px !important;}&#8221; el_class=&#8221;coll-logistica&#8221; link=&#8221;http:\/\/www.dhl.es\/es.html&#8221;][vc_column_text]<strong>DHL<\/strong>\u00a0\u00e9s el l\u00edder global del sector log\u00edstic.[\/vc_column_text][\/vc_column][\/vc_row][vc_row type=&#8221;container&#8221; css=&#8221;.vc_custom_1477210521940{margin-bottom: 25px !important;}&#8221;][vc_column][vc_column_text css=&#8221;.vc_custom_1478425245348{margin-bottom: 0px !important;}&#8221; el_class=&#8221;coll-title&#8221;]<\/p>\n<h3>Internacional<\/h3>\n<p>[\/vc_column_text][\/vc_column][\/vc_row][vc_row type=&#8221;container&#8221; css=&#8221;.vc_custom_1478429276845{margin-bottom: 25px !important;}&#8221;][vc_column width=&#8221;1\/2&#8243;][vc_single_image image=&#8221;677&#8243; img_size=&#8221;full&#8221; onclick=&#8221;custom_link&#8221; css_animation=&#8221;top-to-bottom&#8221; css=&#8221;.vc_custom_1478441546847{margin-bottom: 0px !important;}&#8221; el_class=&#8221;coll-logistica&#8221; link=&#8221;https:\/\/www.ups.com\/europe\/es\/spaindex.html&#8221;][vc_column_text]<strong>UPS<\/strong> \u00e9s una de les grans empreses de paqueteria del m\u00f3n. Cada dia lliuren m\u00e9s de 14 milions de paquets a m\u00e9s de 200 pa\u00efsos de tot el m\u00f3n.[\/vc_column_text][\/vc_column][vc_column width=&#8221;1\/2&#8243;][vc_single_image image=&#8221;678&#8243; img_size=&#8221;full&#8221; onclick=&#8221;custom_link&#8221; css_animation=&#8221;top-to-bottom&#8221; css=&#8221;.vc_custom_1478441577790{margin-bottom: 0px !important;}&#8221; el_class=&#8221;coll-logistica&#8221; link=&#8221;http:\/\/www.tnt.com\/express\/es_es\/site\/home.html&#8221;][vc_column_text]<strong>TNT<\/strong> ofereix enviaments de porta a porta a m\u00e9s de 200 pa\u00efsos.[\/vc_column_text][\/vc_column][\/vc_row]<\/p>\n<\/div>","protected":false},"excerpt":{"rendered":"<p>[vc_row type=&#8221;container&#8221; css=&#8221;.vc_custom_1478537573437{margin-bottom: 25px !important;padding-top: 50px !important;}&#8221;][vc_column][vc_column_text]A Coll Vilar\u00f3 S.A. comptem amb un ampli ventall de possibilitats a l&#8217;hora de realitzar lliuraments a domicili, ja sigui a Barcelona, Espanya o la resta del m\u00f3n, amb possibilitat de repartiment de car\u00e0cter urgent.[\/vc_column_text][vc_column_text css=&#8221;.vc_custom_1478425146539{margin-bottom: 0px !important;}&#8221; el_class=&#8221;coll-title&#8221;] Barcelona [\/vc_column_text][\/vc_column][\/vc_row][vc_row type=&#8221;container&#8221; css=&#8221;.vc_custom_1478429292961{margin-bottom: 25px !important;}&#8221;][vc_column width=&#8221;1\/2&#8243;][vc_single_image image=&#8221;679&#8243; img_size=&#8221;full&#8221; css_animation=&#8221;top-to-bottom&#8221; [&hellip;]<\/p>\n","protected":false},"author":1,"featured_media":0,"parent":0,"menu_order":0,"comment_status":"closed","ping_status":"closed","template":"","meta":{"_acf_changed":false,"footnotes":""},"class_list":["post-916","page","type-page","status-publish","hentry"],"acf":[],"_links":{"self":[{"href":"https:\/\/www.collvilaro.com\/ca\/wp-json\/wp\/v2\/pages\/916","targetHints":{"allow":["GET"]}}],"collection":[{"href":"https:\/\/www.collvilaro.com\/ca\/wp-json\/wp\/v2\/pages"}],"about":[{"href":"https:\/\/www.collvilaro.com\/ca\/wp-json\/wp\/v2\/types\/page"}],"author":[{"embeddable":true,"href":"https:\/\/www.collvilaro.com\/ca\/wp-json\/wp\/v2\/users\/1"}],"replies":[{"embeddable":true,"href":"https:\/\/www.collvilaro.com\/ca\/wp-json\/wp\/v2\/comments?post=916"}],"version-history":[{"count":1,"href":"https:\/\/www.collvilaro.com\/ca\/wp-json\/wp\/v2\/pages\/916\/revisions"}],"predecessor-version":[{"id":4782,"href":"https:\/\/www.collvilaro.com\/ca\/wp-json\/wp\/v2\/pages\/916\/revisions\/4782"}],"wp:attachment":[{"href":"https:\/\/www.collvilaro.com\/ca\/wp-json\/wp\/v2\/media?parent=916"}],"curies":[{"name":"wp","href":"https:\/\/api.w.org\/{rel}","templated":true}]}}