{"id":910,"date":"2016-11-12T06:41:14","date_gmt":"2016-11-12T06:41:14","guid":{"rendered":"https:\/\/www.collvilaro.com\/ca\/?page_id=910"},"modified":"2025-04-02T21:00:43","modified_gmt":"2025-04-02T19:00:43","slug":"productes","status":"publish","type":"page","link":"https:\/\/www.collvilaro.com\/ca\/productes\/","title":{"rendered":"Productes"},"content":{"rendered":"<div class=\"wpb-content-wrapper\"><p>[vc_row type=&#8221;container&#8221; css=&#8221;.vc_custom_1478537604767{padding-top: 50px !important;}&#8221;][vc_column][vc_column_text el_class=&#8221;coll-t-marcas&#8221;]A Coll Vilar\u00f3 disposem d&#8217;una \u00e0mplia gamma de productes que s&#8217;ajusten a totes les necessitats i opcions possibles. A continuaci\u00f3 us mostrem el llistat dels nostres productes preferents.[\/vc_column_text][\/vc_column][\/vc_row][vc_row type=&#8221;container&#8221;][vc_column width=&#8221;1\/4&#8243;][vc_single_image image=&#8221;413&#8243; img_size=&#8221;full&#8221; alignment=&#8221;center&#8221; onclick=&#8221;custom_link&#8221; css_animation=&#8221;appear&#8221; link=&#8221;\/productos\/sistemas-engrase&#8221; el_class=&#8221;marcas-img&#8221;][vc_column_text]<\/p>\n<p class=\"product-detail\">Sistemes de greixatge<\/p>\n<p>[\/vc_column_text][\/vc_column][vc_column width=&#8221;1\/4&#8243;][vc_single_image image=&#8221;412&#8243; img_size=&#8221;full&#8221; alignment=&#8221;center&#8221; onclick=&#8221;custom_link&#8221; css_animation=&#8221;appear&#8221; link=&#8221;\/productos\/rotulas&#8221; el_class=&#8221;marcas-img&#8221;][vc_column_text]<\/p>\n<p class=\"product-detail\">R\u00f2tules<\/p>\n<p>[\/vc_column_text][\/vc_column][vc_column width=&#8221;1\/4&#8243;][vc_single_image image=&#8221;403&#8243; img_size=&#8221;full&#8221; alignment=&#8221;center&#8221; onclick=&#8221;custom_link&#8221; css_animation=&#8221;appear&#8221; link=&#8221;\/marcas\/bolas\/&#8221; el_class=&#8221;marcas-img&#8221;][vc_column_text]<\/p>\n<p class=\"product-detail\">Boles<\/p>\n<p>[\/vc_column_text][\/vc_column][vc_column width=&#8221;1\/4&#8243;][vc_single_image image=&#8221;407&#8243; img_size=&#8221;full&#8221; alignment=&#8221;center&#8221; onclick=&#8221;custom_link&#8221; css_animation=&#8221;appear&#8221; link=&#8221;\/productos\/productos-rbc&#8221; el_class=&#8221;marcas-img&#8221;][vc_column_text]<\/p>\n<p class=\"product-detail\">Productes RBC<\/p>\n<p>[\/vc_column_text][\/vc_column][\/vc_row][vc_row type=&#8221;container&#8221;][vc_column width=&#8221;1\/4&#8243;][vc_single_image image=&#8221;411&#8243; img_size=&#8221;full&#8221; alignment=&#8221;center&#8221; onclick=&#8221;custom_link&#8221; css_animation=&#8221;appear&#8221; link=&#8221;\/productos\/rodamientos&#8221; el_class=&#8221;marcas-img&#8221;][vc_column_text]<\/p>\n<p class=\"product-detail\">Rodaments<\/p>\n<p>[\/vc_column_text][\/vc_column][vc_column width=&#8221;1\/4&#8243;][vc_single_image image=&#8221;410&#8243; img_size=&#8221;full&#8221; alignment=&#8221;center&#8221; onclick=&#8221;custom_link&#8221; css_animation=&#8221;appear&#8221; link=&#8221;\/productos\/rodamientos-plasticos-ceramicos\/&#8221; el_class=&#8221;marcas-img&#8221;][vc_column_text]<\/p>\n<p class=\"product-detail\">Rodaments i suports pl\u00e0stic<\/p>\n<p>[\/vc_column_text][\/vc_column][vc_column width=&#8221;1\/4&#8243;][vc_single_image image=&#8221;408&#8243; img_size=&#8221;full&#8221; alignment=&#8221;center&#8221; onclick=&#8221;custom_link&#8221; css_animation=&#8221;appear&#8221; link=&#8221;\/marcas\/ezo-sapporo\/&#8221; el_class=&#8221;marcas-img&#8221;][vc_column_text]<\/p>\n<p class=\"product-detail\">Rodaments inoxidables<\/p>\n<p>[\/vc_column_text][\/vc_column][vc_column width=&#8221;1\/4&#8243;][vc_single_image image=&#8221;409&#8243; img_size=&#8221;full&#8221; alignment=&#8221;center&#8221; onclick=&#8221;custom_link&#8221; css_animation=&#8221;appear&#8221; link=&#8221;\/productos\/rodamientos-miniatura&#8221; el_class=&#8221;marcas-img&#8221;][vc_column_text]<\/p>\n<p class=\"product-detail\">Rod. miniatura i precisi\u00f3<\/p>\n<p>[\/vc_column_text][\/vc_column][\/vc_row][vc_row type=&#8221;container&#8221; css=&#8221;.vc_custom_1478436876274{margin-bottom: 25px !important;}&#8221;][vc_column width=&#8221;1\/4&#8243;][vc_single_image image=&#8221;405&#8243; img_size=&#8221;full&#8221; alignment=&#8221;center&#8221; onclick=&#8221;custom_link&#8221; css_animation=&#8221;appear&#8221; link=&#8221;\/productos\/serie-lineal\/&#8221; el_class=&#8221;marcas-img&#8221;][vc_column_text]<\/p>\n<p class=\"product-detail\">S\u00e8rie linial<\/p>\n<p>[\/vc_column_text][\/vc_column][vc_column width=&#8221;1\/4&#8243;][vc_single_image image=&#8221;415&#8243; img_size=&#8221;full&#8221; alignment=&#8221;center&#8221; onclick=&#8221;custom_link&#8221; css_animation=&#8221;appear&#8221; link=&#8221;\/productos\/transmision-potencia&#8221; el_class=&#8221;marcas-img&#8221;][vc_column_text]<\/p>\n<p class=\"product-detail\">Transmissi\u00f3 de pot\u00e8ncia<\/p>\n<p>[\/vc_column_text][\/vc_column][vc_column width=&#8221;1\/4&#8243;][vc_single_image image=&#8221;3764&#8243; img_size=&#8221;full&#8221; alignment=&#8221;center&#8221; onclick=&#8221;custom_link&#8221; css_animation=&#8221;appear&#8221; link=&#8221;\/productos\/rowasher&#8221; el_class=&#8221;marcas-img&#8221;][vc_column_text]<\/p>\n<p class=\"product-detail\">Rentadora RoWasher<\/p>\n<p>[\/vc_column_text][\/vc_column][vc_column width=&#8221;1\/4&#8243;][vc_single_image image=&#8221;901&#8243; img_size=&#8221;full&#8221; alignment=&#8221;center&#8221; onclick=&#8221;custom_link&#8221; css_animation=&#8221;appear&#8221; link=&#8221;\/marcas\/rodoset&#8221; el_class=&#8221;marcas-img&#8221;][vc_column_text]<\/p>\n<p class=\"product-detail\">Anivellaci\u00f3 i alineaci\u00f3<\/p>\n<p>[\/vc_column_text][\/vc_column][\/vc_row][vc_row type=&#8221;container&#8221; css=&#8221;.vc_custom_1478436876274{margin-bottom: 25px !important;}&#8221;][vc_column width=&#8221;1\/4&#8243;][vc_single_image image=&#8221;898&#8243; img_size=&#8221;full&#8221; alignment=&#8221;center&#8221; onclick=&#8221;custom_link&#8221; css_animation=&#8221;appear&#8221; link=&#8221;\/marcas\/rodogrip\/&#8221; el_class=&#8221;marcas-img&#8221;][vc_column_text]<\/p>\n<p class=\"product-detail\">Femelles bloqueig de precisi\u00f3<\/p>\n<p>[\/vc_column_text][\/vc_column][vc_column width=&#8221;1\/4&#8243;][vc_single_image image=&#8221;406&#8243; img_size=&#8221;full&#8221; alignment=&#8221;center&#8221; onclick=&#8221;custom_link&#8221; css_animation=&#8221;appear&#8221; link=&#8221;\/marcas\/kukko\/&#8221; el_class=&#8221;marcas-img&#8221;][vc_column_text]<\/p>\n<p class=\"product-detail\">Extractor de rodaments<\/p>\n<p>[\/vc_column_text][\/vc_column][vc_column width=&#8221;1\/4&#8243;][vc_single_image image=&#8221;900&#8243; img_size=&#8221;full&#8221; alignment=&#8221;center&#8221; onclick=&#8221;custom_link&#8221; css_animation=&#8221;appear&#8221; link=&#8221;\/marcas\/joresa\/&#8221; el_class=&#8221;marcas-img&#8221;][vc_column_text]<\/p>\n<p class=\"product-detail\">Extractor de cadenes<\/p>\n<p>[\/vc_column_text][\/vc_column][vc_column width=&#8221;1\/4&#8243;][\/vc_column][\/vc_row][vc_row type=&#8221;container&#8221;][vc_column][vc_column_text css=&#8221;.vc_custom_1479049884776{margin-bottom: 0px !important;}&#8221; el_class=&#8221;coll-title&#8221;]<\/p>\n<h3>Llistat de productes (per marques)<\/h3>\n<p>[\/vc_column_text][\/vc_column][\/vc_row][vc_row type=&#8221;container&#8221;][vc_column][vc_column_text]Si ho prefereixes, pots consultar el seg\u00fcent apartat per consultar el llistat de tots els productes que distribu\u00efm i ordenats alfab\u00e8ticament per marques.[\/vc_column_text][\/vc_column][\/vc_row][vc_row type=&#8221;container&#8221; css=&#8221;.vc_custom_1478436886294{margin-bottom: 25px !important;}&#8221;][vc_column][vc_tta_accordion shape=&#8221;square&#8221; c_icon=&#8221;&#8221; active_section=&#8221;&#8221; collapsible_all=&#8221;true&#8221; el_class=&#8221;coll-accordion&#8221;][vc_tta_section title=&#8221;Mostra llistat&#8221; tab_id=&#8221;listado-marcas&#8221; el_class=&#8221;coll-list-alf&#8221;][vc_column_text css=&#8221;&#8221;]<\/p>\n<h3><a href=\"\/marcas\/adams\/\">ADAMS (Distribu\u00efdor)<\/a><\/h3>\n<ul>\n<li>Setrils<\/li>\n<\/ul>\n<h3><a href=\"\/marcas\/aurora\/\">AURORA (Distribu\u00efdor a Espanya)<\/a><\/h3>\n<ul>\n<li>R\u00f2tules americanes<\/li>\n<\/ul>\n<h3><a href=\"\/marcas\/bijur\">BIJUR (Distribu\u00efdor a Espanya)<\/a><\/h3>\n<ul>\n<li>Greixatge centralitzat<\/li>\n<\/ul>\n<h3><a href=\"\/marcas\/bolas\/\">BOLAS (Importadors)<\/a><\/h3>\n<ul>\n<li>Boles d&#8217;acer, inoxidables, poliamida, vidre, etc.<\/li>\n<li>Boles d&#8217;acer per polir<\/li>\n<li>Boles transportadores<\/li>\n<\/ul>\n<h3><a href=\"\/marcas\/brugarolas\/\">BRUGAROLAS (Distribu\u00efdor autoritzat)<\/a><\/h3>\n<ul>\n<li>Lubricants, greixos i olis<\/li>\n<li>Esprais, anti-humitat, silicona, cadenes, pinyons, corretges, cables, soldadura, basic multi\u00fas, greix seca 45, greixos i olis at\u00f2xics, etc.<\/li>\n<li>Gel rentamans especial per al greix<\/li>\n<li>Dosificadors<\/li>\n<\/ul>\n<h3><a href=\"\/marcas\/desch\/\">DESCH (Distribu\u00efdor a Espanya)<\/a><\/h3>\n<ul>\n<li>Transmissi\u00f3 de pot\u00e8ncia<\/li>\n<\/ul>\n<h3><a href=\"\/marcas\/dodge\/\">DODGE (Distribu\u00efdor a Espanya)<\/a><\/h3>\n<ul>\n<li>Transmissi\u00f3 de pot\u00e8ncia<\/li>\n<\/ul>\n<h3><a href=\"\/marcas\/durbal\">DURBAL (Distribu\u00efdor autoritzat)<\/a><\/h3>\n<ul>\n<li>R\u00f2tules alemanyes a boles i a corrons<\/li>\n<\/ul>\n<h3><a href=\"\/marcas\/optima-ezo\/\">EZO-OPTIMA (Distribu\u00efdor a Espanya)<\/a><\/h3>\n<ul>\n<li>Rodaments inoxidables<\/li>\n<\/ul>\n<h3><a href=\"\/marcas\/fk\">FK (Distribu\u00efdor autoritzat)<\/a><\/h3>\n<ul>\n<li>Soportes auto-lubricados<\/li>\n<\/ul>\n<h3><a href=\"\/marcas\/grw-saporo\">GRW-SAPORO (Distribu\u00efdor autoritzat)<\/a><\/h3>\n<ul>\n<li>Rodaments miniatura<\/li>\n<\/ul>\n<h3><a href=\"\/marcas\/heim\">HEIM (Distribu\u00efdor a Espanya)<\/a><\/h3>\n<ul>\n<li>R\u00f2tules americanes<\/li>\n<\/ul>\n<h3><a href=\"\/marcas\/hirschmann\">HIRSCHMANN (Distribu\u00efdor a Espanya)<\/a><\/h3>\n<ul>\n<li>R\u00f2tules alemanyes<\/li>\n<\/ul>\n<h3><a href=\"\/marcas\/joresa\">JORESA (Distribu\u00efdor)<\/a><\/h3>\n<ul>\n<li>Cadenes per a moto<\/li>\n<li>Cadenes amb aletes<\/li>\n<li>Pinyons per cadena<\/li>\n<li>Pinyons de m\u00f2dul<\/li>\n<li>Extractors per cadena<\/li>\n<\/ul>\n<h3><a href=\"\/marcas\/kavo\">KAVO-SCHICK-MPB-SIEMENS-W&amp;H-BIEN AIR-GRW (Distribu\u00efdor)<\/a><\/h3>\n<ul>\n<li>Rodament per turbina dental<\/li>\n<li>Rotor<\/li>\n<\/ul>\n<h3><a href=\"\/marcas\/kukko\">KUKKO (Distribu\u00efdor)<\/a><\/h3>\n<ul>\n<li>Extractors per rodaments<\/li>\n<\/ul>\n<h3><a href=\"\/marcas\/lube-shuttle\">LUBE-SHUTTLE (Distribu\u00efdor autoritzat)<\/a><\/h3>\n<ul>\n<li>Bomba de greixatge<\/li>\n<li>Cartutxos recarregables<\/li>\n<\/ul>\n<h3><a href=\"\/marcas\/lubesite\">LUBESITE (Distribu\u00efdor a Espanya)<\/a><\/h3>\n<ul>\n<li>Greixadors autom\u00e0tics<\/li>\n<\/ul>\n<h3><a href=\"\/marcas\/lubron\">LUBRON (Distribu\u00efdor a Espanya)<\/a><\/h3>\n<ul>\n<li>Rodaments auto-lubricats Fiberglide\/Fabroid<\/li>\n<\/ul>\n<h3><a href=\"\/marcas\/mps\">MPS (Distribu\u00efdor a Espanya)<\/a><\/h3>\n<ul>\n<li>Rodament lineal de precisi\u00f3 (Microlinea)<\/li>\n<li>Rodament 4 punts de contacte(Microsphere)<\/li>\n<\/ul>\n<h3><a href=\"\/marcas\/myonic-rmb\">MYONIC-RMB (Distribu\u00efdor a Espanya)<\/a><\/h3>\n<ul>\n<li>Rodaments de precisi\u00f3 en miniatura<\/li>\n<li>Arillos de precisi\u00f3<\/li>\n<li>Fabricaci\u00f3 de peces especials de precisi\u00f3<\/li>\n<\/ul>\n<h3><a href=\"\/marcas\/nice\">NICE (Distribu\u00efdor a Espanya)<\/a><\/h3>\n<ul>\n<li>Rodaments de boles<\/li>\n<\/ul>\n<h3><a href=\"\/marcas\/ntn\">NTN (Distribu\u00efdor autoritzat)<\/a><\/h3>\n<ul>\n<li>Rodaments de boles, agulles i rodets<\/li>\n<li>Suports<\/li>\n<\/ul>\n<h3><a href=\"\/marcas\/rbc\">RBC (Distribu\u00efdor a Espanya)<\/a><\/h3>\n<ul>\n<li>Rodaments de secci\u00f3 constant<\/li>\n<li>Rodament fi de precisi\u00f3 i 4 punts de contacte<\/li>\n<li>Rodament d&#8217;agulles<\/li>\n<li>Rodell de lleves<\/li>\n<li>Claveguera de precisi\u00f3<\/li>\n<li>Rodament rodell c\u00f2nic <a href=\"\/marcas\/tyson\/\"><strong>TYSON<\/strong><\/a><\/li>\n<li>R\u00f2tules esf\u00e8riques<\/li>\n<li>Rodament autolubricat <strong>FIBERGLIDE<\/strong><\/li>\n<\/ul>\n<h3><a href=\"\/marcas\/regina\">REGINA (Distribu\u00efdor)<\/a><\/h3>\n<ul>\n<li>Cadenes transportadores<\/li>\n<li>Peu de m\u00e0quina inoxidable<\/li>\n<\/ul>\n<h3><a href=\"\/marcas\/rodobal\">RODOBAL (Distribu\u00efdor a Espanya)<\/a><\/h3>\n<ul>\n<li>R\u00f2tules alemanyes<\/li>\n<\/ul>\n<h3><a href=\"\/marcas\/rodogrip\">RODOGRIP (Distribu\u00efdor a Espanya)<\/a><\/h3>\n<ul>\n<li>Femelles de bloqueig de precisi\u00f3<\/li>\n<\/ul>\n<h3><a href=\"\/marcas\/rodoflex\">RODOFLEX (Distribu\u00efdor a Espanya)<\/a><\/h3>\n<ul>\n<li>Acoblaments el\u00e0stics<\/li>\n<\/ul>\n<h3><a href=\"\/marcas\/rodoset\">RODOSET (Distribu\u00efdor a Espanya)<\/a><\/h3>\n<ul>\n<li>Elements d&#8217;anivellament i alineaci\u00f3<\/li>\n<\/ul>\n<h3><a href=\"\/marcas\/rotolin\">ROTOLIN (Distribu\u00efdor a Espanya)<\/a><\/h3>\n<ul>\n<li>Moviment lineal i rotatiu<\/li>\n<\/ul>\n<h3><a href=\"\/marcas\/smartwasher\/\">ROWASHER (Distribu\u00efdor autoritzat)<\/a><\/h3>\n<ul>\n<li>M\u00e0quina rentadora de peces, desgreixador ecol\u00f2gic<\/li>\n<\/ul>\n<h3><a href=\"\/marcas\/schmeing\">SCHMEING (Distribu\u00efdor a Espanya)<\/a><\/h3>\n<ul>\n<li>Rodaments i suports pl\u00e0stics<\/li>\n<li>Boles transportadores<\/li>\n<\/ul>\n<h3><a href=\"\/marcas\/spherco\">SPHERCO (Distribu\u00efdor a Espanya)<\/a><\/h3>\n<ul>\n<li>R\u00f2tules americanes<\/li>\n<\/ul>\n<h3><a href=\"\/marcas\/srb\">SRB (Distribu\u00efdor autoritzat)<\/a><\/h3>\n<ul>\n<li>Suport partit amb rodament de rodet cil\u00edndric<\/li>\n<\/ul>\n<h3><a href=\"\/marcas\/unioeler\">UNI OELER (Distribu\u00efdor)<\/a><\/h3>\n<ul>\n<li>Setrills<\/li>\n<\/ul>\n<h3><a href=\"\/marcas\/unibal\">UNIBAL (Distribu\u00efdor a Espanya)<\/a><\/h3>\n<ul>\n<li>R\u00f2tules su\u00efsses<\/li>\n<\/ul>\n<h3><a href=\"\/otros-catalogos\/\">HEPCO<\/a><\/h3>\n<ul>\n<li>Sistemes de lliscament<\/li>\n<\/ul>\n<h3><a href=\"\/otros-catalogos\/\">NIL-UNION<\/a><\/h3>\n<ul>\n<li>Acoblaments el\u00e0stics<\/li>\n<\/ul>\n<h3><a href=\"\/otros-catalogos\/\">LOCTITE<\/a><\/h3>\n<ul>\n<li>Adhesius i coles industrials<\/li>\n<\/ul>\n<h3 style=\"margin-bottom: 10px;\"><em>ALTRES PRODUCTES QUE SERVIM:<\/em><\/h3>\n<h3><a href=\"\/otros-catalogos\/\">RODAMENTS I TRANSMISSI\u00d3<\/a><\/h3>\n<ul>\n<li>Rodaments altes velocitats amb g\u00e0bia de fibra d&#8217;alta precisi\u00f3, en r\u00edgid i contacte angular<\/li>\n<li>Rodaments rodes lliures (gir en un sol sentit)<\/li>\n<li>G\u00e0bies de boles, columnes i casquets<\/li>\n<li>Rodets transportadors per gravetat amb rodaments incorporats<\/li>\n<li>Ttancaments mec\u00e0nics<\/li>\n<li>Cadenes de rodets i inox, transportadores, silencioses, etc.<\/li>\n<li>Fabricaci\u00f3 de cadenes especials<\/li>\n<li>Cadenes porta-cables<\/li>\n<li>Pinyons i discos de cadena<\/li>\n<li>Engranatges amb dentat recte, c\u00f2nic i helico\u00efdal<\/li>\n<li>Suports de transmissi\u00f3<\/li>\n<li>Suports acte-lubricats, anti-bacteri inox. (Per sector alimentaci\u00f3)<\/li>\n<li>Suports de greixatge continu<\/li>\n<li>Maniguets, rosques i volanderes<\/li>\n<li>Transmissions cardan, creuetes<\/li>\n<li>Retens de greix, juntes t\u00f2riques, collarins, etc.<\/li>\n<li>Arillos el\u00e0stics, i inox. i alicates<\/li>\n<li>Politges i corretges, politges amb taper, politges variadoras<\/li>\n<li>Elements de subjecci\u00f3<\/li>\n<li>Juntes universals<\/li>\n<li>Casquets de bronze auto-lubricats<\/li>\n<li>Acoblaments el\u00e0stics de pern, d&#8217;estrella i de cadena<\/li>\n<li>Limitadors de parell<\/li>\n<li>Reenviaments angulars<\/li>\n<li>Bases tensores, carrils tensors<\/li>\n<li>Convertidors de freq\u00fc\u00e8ncia en alterna i cont\u00ednua<\/li>\n<li>Embragatge i embragatges fre<\/li>\n<li>Elements d&#8217;hidr\u00e0ulica i pneum\u00e0tica<\/li>\n<li>Motor el\u00e8ctric<\/li>\n<\/ul>\n<p>[\/vc_column_text][\/vc_tta_section][\/vc_tta_accordion][\/vc_column][\/vc_row][vc_row type=&#8221;container&#8221;][vc_column][vc_column_text css=&#8221;.vc_custom_1477472473176{margin-bottom: 0px !important;}&#8221; el_class=&#8221;coll-title&#8221;]<\/p>\n<h3>Solicitar\u00a0informaci\u00f3n<\/h3>\n<p>[\/vc_column_text][\/vc_column][\/vc_row][vc_row type=&#8221;container&#8221;][vc_column][vc_column_text css=&#8221;.vc_custom_1479122438391{margin-bottom: 10px !important;}&#8221;]\n<div class=\"wpcf7 no-js\" id=\"wpcf7-f1073-o1\" lang=\"es-ES\" dir=\"ltr\" data-wpcf7-id=\"1073\">\n<div class=\"screen-reader-response\"><p role=\"status\" aria-live=\"polite\" aria-atomic=\"true\"><\/p> <ul><\/ul><\/div>\n<form action=\"\/ca\/wp-json\/wp\/v2\/pages\/910#wpcf7-f1073-o1\" method=\"post\" class=\"wpcf7-form init\" aria-label=\"Formulario de contacto\" novalidate=\"novalidate\" data-status=\"init\">\n<fieldset class=\"hidden-fields-container\"><input type=\"hidden\" name=\"_wpcf7\" value=\"1073\" \/><input type=\"hidden\" name=\"_wpcf7_version\" value=\"6.1.5\" \/><input type=\"hidden\" name=\"_wpcf7_locale\" value=\"es_ES\" \/><input type=\"hidden\" name=\"_wpcf7_unit_tag\" value=\"wpcf7-f1073-o1\" \/><input type=\"hidden\" name=\"_wpcf7_container_post\" value=\"0\" \/><input type=\"hidden\" name=\"_wpcf7_posted_data_hash\" value=\"\" \/><input type=\"hidden\" name=\"_wpcf7_recaptcha_response\" value=\"\" \/>\n<\/fieldset>\n<p><span class=\"wpcf7-form-control-wrap\" data-name=\"your-name\"><input size=\"40\" maxlength=\"400\" class=\"wpcf7-form-control wpcf7-text wpcf7-validates-as-required\" aria-required=\"true\" aria-invalid=\"false\" placeholder=\"Nom\" value=\"\" type=\"text\" name=\"your-name\" \/><\/span><br \/>\n<span class=\"wpcf7-form-control-wrap\" data-name=\"your-email\"><input size=\"40\" maxlength=\"400\" class=\"wpcf7-form-control wpcf7-email wpcf7-validates-as-required wpcf7-text wpcf7-validates-as-email\" aria-required=\"true\" aria-invalid=\"false\" placeholder=\"Email\" value=\"\" type=\"email\" name=\"your-email\" \/><\/span><br \/>\n<span class=\"wpcf7-form-control-wrap\" data-name=\"your-tel\"><input size=\"40\" maxlength=\"400\" class=\"wpcf7-form-control wpcf7-tel wpcf7-validates-as-required wpcf7-text wpcf7-validates-as-tel\" aria-required=\"true\" aria-invalid=\"false\" placeholder=\"Tel\u00e8fon\" value=\"\" type=\"tel\" name=\"your-tel\" \/><\/span><br \/>\n<span class=\"wpcf7-form-control-wrap\" data-name=\"your-company\"><input size=\"40\" maxlength=\"400\" class=\"wpcf7-form-control wpcf7-text\" aria-invalid=\"false\" placeholder=\"Empresa\" value=\"\" type=\"text\" name=\"your-company\" \/><\/span><br \/>\n<span class=\"wpcf7-form-control-wrap\" data-name=\"consulta\"><textarea cols=\"40\" rows=\"10\" maxlength=\"2000\" class=\"wpcf7-form-control wpcf7-textarea\" aria-invalid=\"false\" placeholder=\"Consulta\" name=\"consulta\"><\/textarea><\/span><br \/>\n<span class=\"wpcf7-form-control-wrap\" data-name=\"esp-privacy\"><span class=\"wpcf7-form-control wpcf7-acceptance\"><span class=\"wpcf7-list-item\"><label><input type=\"checkbox\" name=\"esp-privacy\" value=\"1\" aria-invalid=\"false\" \/><span class=\"wpcf7-list-item-label\">Aquesta pa\u0300gina web esta\u0300 dissenyada per protegir la seva informacio\u0301 i permetre triar que\u0300 compartir. Utilitzant aquest formulari voste\u0300 esta\u0300 d'acord amb l'emmagatzematge i maneig de les seves dades per aquest lloc web. Per a me\u0301s informacio\u0301 <a href=\"https:\/\/www.collvilaro.com\/ca\/politica-de-privacitat\" target=\"_blank\" style=\"text-decoration: underline; color: #f1961e;\">vegi com COLL VILARO\u0301, SA, protegeix la seva privacitat.<\/a><\/span><\/label><\/span><\/span><\/span>\n<\/p>\n<div style=\"margin-bottom: 25px;\">\n\n<\/div>\n<p><input class=\"wpcf7-form-control wpcf7-submit has-spinner\" type=\"submit\" value=\"Sol\u00b7licitar Informaci\u00f3\" \/>\n<\/p><div class=\"wpcf7-response-output\" aria-hidden=\"true\"><\/div>\n<\/form>\n<\/div>\n[\/vc_column_text][vc_column_text]PROTECCI\u00d3 DE DADES: En compliment de la L.O. 15\/1999 de 13 desembre, de Protecci\u00f3 de Dades de Car\u00e0cter Personal, l&#8217;informem de la possibilitat d&#8217;exercitar els drets d&#8217;acc\u00e9s, rectificaci\u00f3 i cancel\u00b7laci\u00f3 en els casos previstos per la Llei dirigint-se per escrit a COLL VILAR\u00d3, SA, Carrer Francesc Teixid\u00f3, 10 Parc Empresarial Granland 08918 BADALONA (Barcelona)[\/vc_column_text][\/vc_column][\/vc_row]<\/p>\n<\/div>","protected":false},"excerpt":{"rendered":"<p>[vc_row type=&#8221;container&#8221; css=&#8221;.vc_custom_1478537604767{padding-top: 50px !important;}&#8221;][vc_column][vc_column_text el_class=&#8221;coll-t-marcas&#8221;]A Coll Vilar\u00f3 disposem d&#8217;una \u00e0mplia gamma de productes que s&#8217;ajusten a totes les necessitats i opcions possibles. A continuaci\u00f3 us mostrem el llistat dels nostres productes preferents.[\/vc_column_text][\/vc_column][\/vc_row][vc_row type=&#8221;container&#8221;][vc_column width=&#8221;1\/4&#8243;][vc_single_image image=&#8221;413&#8243; img_size=&#8221;full&#8221; alignment=&#8221;center&#8221; onclick=&#8221;custom_link&#8221; css_animation=&#8221;appear&#8221; link=&#8221;\/productos\/sistemas-engrase&#8221; el_class=&#8221;marcas-img&#8221;][vc_column_text] Sistemes de greixatge [\/vc_column_text][\/vc_column][vc_column width=&#8221;1\/4&#8243;][vc_single_image image=&#8221;412&#8243; img_size=&#8221;full&#8221; alignment=&#8221;center&#8221; onclick=&#8221;custom_link&#8221; css_animation=&#8221;appear&#8221; link=&#8221;\/productos\/rotulas&#8221; el_class=&#8221;marcas-img&#8221;][vc_column_text] R\u00f2tules [&hellip;]<\/p>\n","protected":false},"author":1,"featured_media":0,"parent":0,"menu_order":0,"comment_status":"closed","ping_status":"closed","template":"","meta":{"_acf_changed":false,"footnotes":""},"class_list":["post-910","page","type-page","status-publish","hentry"],"acf":[],"_links":{"self":[{"href":"https:\/\/www.collvilaro.com\/ca\/wp-json\/wp\/v2\/pages\/910","targetHints":{"allow":["GET"]}}],"collection":[{"href":"https:\/\/www.collvilaro.com\/ca\/wp-json\/wp\/v2\/pages"}],"about":[{"href":"https:\/\/www.collvilaro.com\/ca\/wp-json\/wp\/v2\/types\/page"}],"author":[{"embeddable":true,"href":"https:\/\/www.collvilaro.com\/ca\/wp-json\/wp\/v2\/users\/1"}],"replies":[{"embeddable":true,"href":"https:\/\/www.collvilaro.com\/ca\/wp-json\/wp\/v2\/comments?post=910"}],"version-history":[{"count":5,"href":"https:\/\/www.collvilaro.com\/ca\/wp-json\/wp\/v2\/pages\/910\/revisions"}],"predecessor-version":[{"id":4945,"href":"https:\/\/www.collvilaro.com\/ca\/wp-json\/wp\/v2\/pages\/910\/revisions\/4945"}],"wp:attachment":[{"href":"https:\/\/www.collvilaro.com\/ca\/wp-json\/wp\/v2\/media?parent=910"}],"curies":[{"name":"wp","href":"https:\/\/api.w.org\/{rel}","templated":true}]}}