{"id":2025,"date":"2017-05-23T10:44:12","date_gmt":"2017-05-23T10:44:12","guid":{"rendered":"https:\/\/www.collvilaro.com\/ca\/?page_id=2025"},"modified":"2024-06-13T11:02:05","modified_gmt":"2024-06-13T09:02:05","slug":"ofertes","status":"publish","type":"page","link":"https:\/\/www.collvilaro.com\/ca\/ofertes\/","title":{"rendered":"Ofertes"},"content":{"rendered":"<div class=\"wpb-content-wrapper\"><p>[vc_row type=&#8221;container&#8221;][vc_column][vc_empty_space][vc_column_text]Les nostres irresistibles ofertes!Et convidem a consultar peri\u00f2dicament aquesta secci\u00f3, ja que anirem introduint peces d&#8217;estoc que hem considerat ofert\u00e0 a millor preu, ja sigui com a promoci\u00f3, o b\u00e9 per poca rotaci\u00f3 en el nostre magatzem.<\/p>\n<p>Paga menys amb la qualitat de les primeres marques.[\/vc_column_text][vc_column_text el_class=&#8221;coll-novedades&#8221;]Compra ara, abans que s&#8217;esgoti![\/vc_column_text][\/vc_column][\/vc_row][vc_row type=&#8221;container&#8221;][vc_column][vc_column_text el_class=&#8221;coll-title&#8221;]<\/p>\n<h3>Productes en oferta fins a fi d&#8217;estoc<\/h3>\n<p>[\/vc_column_text][\/vc_column][\/vc_row][vc_row type=&#8221;container&#8221;][vc_column][vc_row_inner content_placement=&#8221;middle&#8221;][vc_column_inner width=&#8221;1\/3&#8243;][vc_single_image image=&#8221;2038&#8243; alignment=&#8221;center&#8221; style=&#8221;vc_box_outline&#8221; onclick=&#8221;img_link_large&#8221; img_link_target=&#8221;_blank&#8221;][\/vc_column_inner][vc_column_inner width=&#8221;1\/2&#8243;][vc_column_text]GMN Rodament a boles r\u00edgit d&#8217;acer, Ref: 608 mides 8x22x7. Preu oferta a 0,60 \u20ac + iva. M\u00ednim de venda 5 peces. (Serveixen per montar en els Fidget Spinner)[\/vc_column_text][\/vc_column_inner][\/vc_row_inner][vc_row_inner content_placement=&#8221;middle&#8221;][vc_column_inner width=&#8221;1\/3&#8243;][vc_single_image image=&#8221;3797&#8243; alignment=&#8221;center&#8221; style=&#8221;vc_box_outline&#8221; onclick=&#8221;img_link_large&#8221; img_link_target=&#8221;_blank&#8221;][\/vc_column_inner][vc_column_inner width=&#8221;1\/2&#8243;][vc_column_text]KUKKO 18-3 Dispositiu extractor, per utilitzar-se amb serie 17, serie 15, serie 18-S y serie 18-A. Ampla pernos tracci\u00f3 80-300mm, profunditat pernos 144-300mm, rosca M18x1,5. Preu d&#8217;oferta 167,-\u20ac (abans <del datetime=\"2021-10-08T13:43:33+00:00\">353<\/del>,-\u20ac)[\/vc_column_text][\/vc_column_inner][\/vc_row_inner][vc_row_inner content_placement=&#8221;middle&#8221;][vc_column_inner width=&#8221;1\/3&#8243;][vc_single_image image=&#8221;3527&#8243; alignment=&#8221;center&#8221; style=&#8221;vc_box_outline&#8221; onclick=&#8221;img_link_large&#8221; img_link_target=&#8221;_blank&#8221;][\/vc_column_inner][vc_column_inner width=&#8221;1\/2&#8243;][vc_column_text]Corretge dentada poliuret\u00e0 AT10-16 tallat a 10 mtres. Preu oferta a 14,60\u20ac el mtre. nt. + iva[\/vc_column_text][\/vc_column_inner][\/vc_row_inner][vc_row_inner content_placement=&#8221;middle&#8221;][vc_column_inner width=&#8221;1\/3&#8243;][vc_single_image image=&#8221;2702&#8243; alignment=&#8221;center&#8221; style=&#8221;vc_box_outline&#8221; onclick=&#8221;img_link_large&#8221; img_link_target=&#8221;_blank&#8221;][\/vc_column_inner][vc_column_inner width=&#8221;1\/2&#8243;][vc_column_text]AURORA R\u00f2tula especial aviaci\u00f3 GMW-3M-570 Femella 5\/16-24 UNF, eix 0.19 in, preu oferta segons quantitat[\/vc_column_text][\/vc_column_inner][\/vc_row_inner][vc_row_inner content_placement=&#8221;middle&#8221;][vc_column_inner width=&#8221;1\/3&#8243;][vc_single_image image=&#8221;3494&#8243; alignment=&#8221;center&#8221; style=&#8221;vc_box_outline&#8221; onclick=&#8221;img_link_large&#8221; img_link_target=&#8221;_blank&#8221;][\/vc_column_inner][vc_column_inner width=&#8221;1\/2&#8243;][vc_column_text]INA Guia linial LFS42-C, es composa de 2 trams tallats a 40cm. cadascun. Preu oferta 50\u20ac\/unitat[\/vc_column_text][\/vc_column_inner][\/vc_row_inner][vc_row_inner content_placement=&#8221;middle&#8221;][vc_column_inner width=&#8221;1\/3&#8243;][vc_single_image image=&#8221;2581&#8243; alignment=&#8221;center&#8221; style=&#8221;vc_box_outline&#8221; onclick=&#8221;img_link_large&#8221; img_link_target=&#8221;_blank&#8221;][\/vc_column_inner][vc_column_inner width=&#8221;1\/2&#8243;][vc_column_text]GSPCL Sirena interior de pl\u00e0stic ac\u00fastica lluminosa amb leds y temporitzador. Caracter\u00edstiques: 12V: 89 dbmax a 1m..Imax 41mA. 24V: 94 dbmax. a 1m.Imax 88mA. Preu d&#8217;oferta 15\u20ac + iva[\/vc_column_text][\/vc_column_inner][\/vc_row_inner][vc_row_inner content_placement=&#8221;middle&#8221;][vc_column_inner width=&#8221;1\/3&#8243;][vc_single_image image=&#8221;4607&#8243; alignment=&#8221;center&#8221; style=&#8221;vc_box_outline&#8221; onclick=&#8221;img_link_large&#8221; img_link_target=&#8221;_blank&#8221;][\/vc_column_inner][vc_column_inner width=&#8221;1\/2&#8243;][vc_column_text]UNIBAL R\u00f2tules en estoc 695 unitats, amb virolla termopl\u00e0stica Ref.: SFL8.65 FEMELLA M8X1,25 ESQ. S\/MANT., preu d&#8217;oferta 3,65 \u20ac\/nt. + iva[\/vc_column_text][\/vc_column_inner][\/vc_row_inner][vc_row_inner content_placement=&#8221;middle&#8221;][vc_column_inner width=&#8221;1\/3&#8243;][vc_single_image image=&#8221;4611&#8243; alignment=&#8221;center&#8221; style=&#8221;vc_box_outline&#8221; onclick=&#8221;img_link_large&#8221; img_link_target=&#8221;_blank&#8221;][\/vc_column_inner][vc_column_inner width=&#8221;1\/2&#8243;][vc_column_text]UNIBAL R\u00f2tules en estoc 101 unitats, amb virolla termopl\u00e0stica Ref.: SFL10.65 FEMELLA M10X1,5 ESQ. S\/MANT., preu d&#8217;oferta 4,34 \u20ac\/nt. + iva[\/vc_column_text][\/vc_column_inner][\/vc_row_inner][vc_row_inner content_placement=&#8221;middle&#8221;][vc_column_inner width=&#8221;1\/3&#8243;][vc_single_image image=&#8221;3076&#8243; alignment=&#8221;center&#8221; style=&#8221;vc_box_outline&#8221; onclick=&#8221;img_link_large&#8221; img_link_target=&#8221;_blank&#8221;][\/vc_column_inner][vc_column_inner width=&#8221;1\/2&#8243;][vc_column_text]DICTATOR Resort o pist\u00f3 de gas d&#8217;acer galvanitzat de caracter\u00edstiques: H-G08 19 250N 1 0567 GZ10GZ10 0080N\/5, hi ha 7 unitats, preu d&#8217;oferta a 20\u20ac nt.\/unit + iva[\/vc_column_text][\/vc_column_inner][\/vc_row_inner][vc_row_inner content_placement=&#8221;middle&#8221;][vc_column_inner width=&#8221;1\/3&#8243;][vc_single_image image=&#8221;3184&#8243; alignment=&#8221;center&#8221; style=&#8221;vc_box_outline&#8221; onclick=&#8221;img_link_large&#8221; img_link_target=&#8221;_blank&#8221;][\/vc_column_inner][vc_column_inner width=&#8221;1\/2&#8243;][vc_column_text]ROCAIR RR-368-3-IN-1 90\u00ba Doblegadora de tubs en pulsades 1\/4, 5\/16, 3\/8 i m\u00e8tric. Preu oferta 18,-\u20ac nt. + iva[\/vc_column_text][\/vc_column_inner][\/vc_row_inner][vc_row_inner content_placement=&#8221;middle&#8221;][vc_column_inner width=&#8221;1\/3&#8243;][vc_single_image image=&#8221;3527&#8243; alignment=&#8221;center&#8221; style=&#8221;vc_box_outline&#8221; onclick=&#8221;img_link_large&#8221; img_link_target=&#8221;_blank&#8221;][\/vc_column_inner][vc_column_inner width=&#8221;1\/2&#8243;][vc_column_text]Corretge dentada poliuret\u00e0 AT10-25 tallat a 7,5 mtres. Preu oferta a 15,09\u20ac el mtre. nt. + iva[\/vc_column_text][\/vc_column_inner][\/vc_row_inner][vc_row_inner content_placement=&#8221;middle&#8221;][vc_column_inner width=&#8221;1\/3&#8243;][vc_single_image image=&#8221;3790&#8243; alignment=&#8221;center&#8221; style=&#8221;vc_box_outline&#8221; onclick=&#8221;img_link_large&#8221; img_link_target=&#8221;_blank&#8221;][\/vc_column_inner][vc_column_inner width=&#8221;1\/2&#8243;][vc_column_text]Rentadora de peces ecol\u00f2gica, 240V., equipada amb 80Lt. de l\u00edquit+1 Filtre, preu d&#8217;oferta 1.250,-\u20ac+iva (abans <del datetime=\"2022-03-10T12:00:20+00:00\"> 1.624,-)<\/del><\/p>\n<p>[\/vc_column_text][\/vc_column_inner][\/vc_row_inner][vc_row_inner content_placement=&#8221;middle&#8221;][vc_column_inner width=&#8221;1\/3&#8243;][vc_single_image image=&#8221;4633&#8243; alignment=&#8221;center&#8221; style=&#8221;vc_box_outline&#8221; onclick=&#8221;img_link_large&#8221; img_link_target=&#8221;_blank&#8221;][\/vc_column_inner][vc_column_inner width=&#8221;1\/2&#8243;][vc_column_text]OVERLY Base tensora 601 autom\u00e0tica, per motors T-56. Preu d&#8217;oferta 15,-\u20ac\/nt.[\/vc_column_text][\/vc_column_inner][\/vc_row_inner][vc_row_inner content_placement=&#8221;middle&#8221;][vc_column_inner width=&#8221;1\/3&#8243;][vc_single_image image=&#8221;4698&#8243; alignment=&#8221;center&#8221; style=&#8221;vc_box_outline&#8221; onclick=&#8221;img_link_large&#8221; img_link_target=&#8221;_blank&#8221;][\/vc_column_inner][vc_column_inner width=&#8221;1\/2&#8243;][vc_column_text]BRUGAROLAS Spray Beslux Soldadura, Anti-projeccions, sense silicona, preu d&#8217;oferta spray a 3,77\u20ac. nt.+iva (preu <del datetime=\"2023-09-05T07:09:48+00:00\">10,75\u20ac<\/del>)[\/vc_column_text][\/vc_column_inner][\/vc_row_inner][vc_row_inner content_placement=&#8221;middle&#8221;][vc_column_inner width=&#8221;1\/3&#8243;][vc_single_image image=&#8221;4731&#8243; alignment=&#8221;center&#8221; style=&#8221;vc_box_outline&#8221; onclick=&#8221;img_link_large&#8221; img_link_target=&#8221;_blank&#8221;][\/vc_column_inner][vc_column_inner width=&#8221;1\/2&#8243;][vc_column_text]BRUGAROLAS 7500364 BRADOL SUPERMULTIG. 20W50,\u00a0Oli mineral per motors de benzina y tot tipus de Diesel, incl\u00f2s turboalimentats en r\u00e8gim sever, Garrafa de 5L., preu d&#8217;oferta garrafa 30,55\u20ac\/nt. (a 6,11\u20ac\/L.)[\/vc_column_text][\/vc_column_inner][\/vc_row_inner][\/vc_column][\/vc_row][vc_row type=&#8221;container&#8221; css=&#8221;.vc_custom_1602750881168{margin-top: 50px !important;}&#8221;][vc_column][vc_column_text el_class=&#8221;coll-title&#8221;]<\/p>\n<h3>Sol\u00b7licitar informaci\u00f3<\/h3>\n<p>[\/vc_column_text][\/vc_column][\/vc_row][vc_row type=&#8221;container&#8221;][vc_column]\n<div class=\"wpcf7 no-js\" id=\"wpcf7-f1073-o1\" lang=\"es-ES\" dir=\"ltr\" data-wpcf7-id=\"1073\">\n<div class=\"screen-reader-response\"><p role=\"status\" aria-live=\"polite\" aria-atomic=\"true\"><\/p> <ul><\/ul><\/div>\n<form action=\"\/ca\/wp-json\/wp\/v2\/pages\/2025#wpcf7-f1073-o1\" method=\"post\" class=\"wpcf7-form init\" aria-label=\"Formulario de contacto\" novalidate=\"novalidate\" data-status=\"init\">\n<fieldset class=\"hidden-fields-container\"><input type=\"hidden\" name=\"_wpcf7\" value=\"1073\" \/><input type=\"hidden\" name=\"_wpcf7_version\" value=\"6.1.5\" \/><input type=\"hidden\" name=\"_wpcf7_locale\" value=\"es_ES\" \/><input type=\"hidden\" name=\"_wpcf7_unit_tag\" value=\"wpcf7-f1073-o1\" \/><input type=\"hidden\" name=\"_wpcf7_container_post\" value=\"0\" \/><input type=\"hidden\" name=\"_wpcf7_posted_data_hash\" value=\"\" \/><input type=\"hidden\" name=\"_wpcf7_recaptcha_response\" value=\"\" \/>\n<\/fieldset>\n<p><span class=\"wpcf7-form-control-wrap\" data-name=\"your-name\"><input size=\"40\" maxlength=\"400\" class=\"wpcf7-form-control wpcf7-text wpcf7-validates-as-required\" aria-required=\"true\" aria-invalid=\"false\" placeholder=\"Nom\" value=\"\" type=\"text\" name=\"your-name\" \/><\/span><br \/>\n<span class=\"wpcf7-form-control-wrap\" data-name=\"your-email\"><input size=\"40\" maxlength=\"400\" class=\"wpcf7-form-control wpcf7-email wpcf7-validates-as-required wpcf7-text wpcf7-validates-as-email\" aria-required=\"true\" aria-invalid=\"false\" placeholder=\"Email\" value=\"\" type=\"email\" name=\"your-email\" \/><\/span><br \/>\n<span class=\"wpcf7-form-control-wrap\" data-name=\"your-tel\"><input size=\"40\" maxlength=\"400\" class=\"wpcf7-form-control wpcf7-tel wpcf7-validates-as-required wpcf7-text wpcf7-validates-as-tel\" aria-required=\"true\" aria-invalid=\"false\" placeholder=\"Tel\u00e8fon\" value=\"\" type=\"tel\" name=\"your-tel\" \/><\/span><br \/>\n<span class=\"wpcf7-form-control-wrap\" data-name=\"your-company\"><input size=\"40\" maxlength=\"400\" class=\"wpcf7-form-control wpcf7-text\" aria-invalid=\"false\" placeholder=\"Empresa\" value=\"\" type=\"text\" name=\"your-company\" \/><\/span><br \/>\n<span class=\"wpcf7-form-control-wrap\" data-name=\"consulta\"><textarea cols=\"40\" rows=\"10\" maxlength=\"2000\" class=\"wpcf7-form-control wpcf7-textarea\" aria-invalid=\"false\" placeholder=\"Consulta\" name=\"consulta\"><\/textarea><\/span><br \/>\n<span class=\"wpcf7-form-control-wrap\" data-name=\"esp-privacy\"><span class=\"wpcf7-form-control wpcf7-acceptance\"><span class=\"wpcf7-list-item\"><label><input type=\"checkbox\" name=\"esp-privacy\" value=\"1\" aria-invalid=\"false\" \/><span class=\"wpcf7-list-item-label\">Aquesta pa\u0300gina web esta\u0300 dissenyada per protegir la seva informacio\u0301 i permetre triar que\u0300 compartir. Utilitzant aquest formulari voste\u0300 esta\u0300 d'acord amb l'emmagatzematge i maneig de les seves dades per aquest lloc web. Per a me\u0301s informacio\u0301 <a href=\"https:\/\/www.collvilaro.com\/ca\/politica-de-privacitat\" target=\"_blank\" style=\"text-decoration: underline; color: #f1961e;\">vegi com COLL VILARO\u0301, SA, protegeix la seva privacitat.<\/a><\/span><\/label><\/span><\/span><\/span>\n<\/p>\n<div style=\"margin-bottom: 25px;\">\n\n<\/div>\n<p><input class=\"wpcf7-form-control wpcf7-submit has-spinner\" type=\"submit\" value=\"Sol\u00b7licitar Informaci\u00f3\" \/>\n<\/p><div class=\"wpcf7-response-output\" aria-hidden=\"true\"><\/div>\n<\/form>\n<\/div>\n[vc_column_text]PROTECCI\u00d3 DE DADES: En compliment de la L.O. 15\/1999 de 13 desembre, de Protecci\u00f3 de Dades de Car\u00e0cter Personal, l&#8217;informem de la possibilitat d&#8217;exercitar els drets d&#8217;acc\u00e9s, rectificaci\u00f3 i cancel\u00b7laci\u00f3 en els casos previstos per la Llei dirigint-se per escrit a COLL VILAR\u00d3, SA, Carrer Francesc Teixid\u00f3, 10 Parc Empresarial Granland 08918 BADALONA (Barcelona)[\/vc_column_text][\/vc_column][\/vc_row]<\/p>\n<\/div>","protected":false},"excerpt":{"rendered":"<p>[vc_row type=&#8221;container&#8221;][vc_column][vc_empty_space][vc_column_text]Les nostres irresistibles ofertes!Et convidem a consultar peri\u00f2dicament aquesta secci\u00f3, ja que anirem introduint peces d&#8217;estoc que hem considerat ofert\u00e0 a millor preu, ja sigui com a promoci\u00f3, o b\u00e9 per poca rotaci\u00f3 en el nostre magatzem. Paga menys amb la qualitat de les primeres marques.[\/vc_column_text][vc_column_text el_class=&#8221;coll-novedades&#8221;]Compra ara, abans que s&#8217;esgoti![\/vc_column_text][\/vc_column][\/vc_row][vc_row type=&#8221;container&#8221;][vc_column][vc_column_text el_class=&#8221;coll-title&#8221;] Productes [&hellip;]<\/p>\n","protected":false},"author":3,"featured_media":0,"parent":0,"menu_order":0,"comment_status":"closed","ping_status":"closed","template":"","meta":{"_acf_changed":false,"footnotes":""},"class_list":["post-2025","page","type-page","status-publish","hentry"],"acf":[],"_links":{"self":[{"href":"https:\/\/www.collvilaro.com\/ca\/wp-json\/wp\/v2\/pages\/2025","targetHints":{"allow":["GET"]}}],"collection":[{"href":"https:\/\/www.collvilaro.com\/ca\/wp-json\/wp\/v2\/pages"}],"about":[{"href":"https:\/\/www.collvilaro.com\/ca\/wp-json\/wp\/v2\/types\/page"}],"author":[{"embeddable":true,"href":"https:\/\/www.collvilaro.com\/ca\/wp-json\/wp\/v2\/users\/3"}],"replies":[{"embeddable":true,"href":"https:\/\/www.collvilaro.com\/ca\/wp-json\/wp\/v2\/comments?post=2025"}],"version-history":[{"count":21,"href":"https:\/\/www.collvilaro.com\/ca\/wp-json\/wp\/v2\/pages\/2025\/revisions"}],"predecessor-version":[{"id":4765,"href":"https:\/\/www.collvilaro.com\/ca\/wp-json\/wp\/v2\/pages\/2025\/revisions\/4765"}],"wp:attachment":[{"href":"https:\/\/www.collvilaro.com\/ca\/wp-json\/wp\/v2\/media?parent=2025"}],"curies":[{"name":"wp","href":"https:\/\/api.w.org\/{rel}","templated":true}]}}